{"id":17348,"date":"2026-05-14T06:00:06","date_gmt":"2026-05-14T06:00:06","guid":{"rendered":"https:\/\/mokkamaa.fi\/?post_type=product&#038;p=17348"},"modified":"2026-05-14T06:04:11","modified_gmt":"2026-05-14T06:04:11","slug":"kofeiiniton-tuplasuklaa-maustettu-kahvi-2","status":"publish","type":"product","link":"https:\/\/mokkamaa.fi\/en\/tuote\/kofeiiniton-tuplasuklaa-maustettu-kahvi-2\/","title":{"rendered":"Kofeiiniton Appelsiini-suklaa maustettu kahvi"},"content":{"rendered":"<p>Kahvin kofeiini on poistettu k\u00e4ytt\u00e4en veteen ja aktiivihiilisuodattimeen perustuvaa &#8220;swiss water&#8221; -menetelm\u00e4\u00e4. Samaa kahvia maustamattomana meill\u00e4 on myynniss\u00e4 <a href=\"https:\/\/mokkamaa.fi\/tuote\/kofeiiniton-swiss-water-process-luomu\/\">t\u00e4\u00e4ll\u00e4<\/a>.<\/p>\n<p>Huom! Valmistamme oman tuotantomme kahvit pieniss\u00e4 eriss\u00e4, joten kaikkia tuotteita ja kaikkia kokoja ei ole aina suoraan hyllyss\u00e4. Jos haluat jotakin tietty\u00e4 tuotetta fyysisess\u00e4 puodissamme k\u00e4ydess\u00e4si, kannattaa se tilata verkkokaupasta ennakkoon, jolloin varaamme sen sinulle.<\/p>\n","protected":false},"excerpt":{"rendered":"<p>Appelsiinin ja tumman suklaan makuinen kofeiiniton herkku!<\/p>\n<p>Ainesosat: kahvi, luontaiset vegaaniset aromit.<\/p>\n<p>Paahtoaste: 3\/5<\/p>\n<p>Valmistaja: Mokkamaa<\/p>\n","protected":false},"featured_media":0,"comment_status":"open","ping_status":"closed","template":"","meta":{"kt_blocks_editor_width":"","advanced_seo_description":"","jetpack_seo_html_title":"","jetpack_seo_noindex":false},"product_brand":[],"product_cat":[9,753,13,328],"product_tag":[78,35,174,208,324,228,79,229,171,217,230],"class_list":{"0":"post-17348","1":"product","2":"type-product","3":"status-publish","5":"product_cat-kahvi","6":"product_cat-kofeiinittomat-kahvit","7":"product_cat-maustekahvit","8":"product_cat-oma-tuotanto","9":"product_tag-erikoiskahvi","10":"product_tag-kahvi","11":"product_tag-keskipaahto","12":"product_tag-kofeiiniton","13":"product_tag-kofeiiniton-kahvi","14":"product_tag-makukahvi","15":"product_tag-maustekahvi","16":"product_tag-maustettu","17":"product_tag-papukahvi","18":"product_tag-suodatinkahvi","19":"product_tag-tumma-paahto","21":"first","22":"instock","23":"taxable","24":"shipping-taxable","25":"purchasable","26":"product-type-variable"},"jetpack_sharing_enabled":true,"jetpack_likes_enabled":true,"_links":{"self":[{"href":"https:\/\/mokkamaa.fi\/en\/wp-json\/wp\/v2\/product\/17348","targetHints":{"allow":["GET"]}}],"collection":[{"href":"https:\/\/mokkamaa.fi\/en\/wp-json\/wp\/v2\/product"}],"about":[{"href":"https:\/\/mokkamaa.fi\/en\/wp-json\/wp\/v2\/types\/product"}],"replies":[{"embeddable":true,"href":"https:\/\/mokkamaa.fi\/en\/wp-json\/wp\/v2\/comments?post=17348"}],"wp:attachment":[{"href":"https:\/\/mokkamaa.fi\/en\/wp-json\/wp\/v2\/media?parent=17348"}],"wp:term":[{"taxonomy":"product_brand","embeddable":true,"href":"https:\/\/mokkamaa.fi\/en\/wp-json\/wp\/v2\/product_brand?post=17348"},{"taxonomy":"product_cat","embeddable":true,"href":"https:\/\/mokkamaa.fi\/en\/wp-json\/wp\/v2\/product_cat?post=17348"},{"taxonomy":"product_tag","embeddable":true,"href":"https:\/\/mokkamaa.fi\/en\/wp-json\/wp\/v2\/product_tag?post=17348"}],"curies":[{"name":"wp","href":"https:\/\/api.w.org\/{rel}","templated":true}]}}