{"id":12190,"date":"2022-01-28T11:48:41","date_gmt":"2022-01-28T11:48:41","guid":{"rendered":"https:\/\/mokkamaa.fi\/tuote\/raspberry-teddybear-chocolate-figure-6pcs-75g\/"},"modified":"2024-10-23T01:11:36","modified_gmt":"2024-10-23T01:11:36","slug":"raspberry-teddybear-chocolate-figure-6pcs-75g","status":"publish","type":"product","link":"https:\/\/mokkamaa.fi\/en\/tuote\/raspberry-teddybear-chocolate-figure-6pcs-75g\/","title":{"rendered":"Raspberry teddybear chocolate figure 6pcs 75g"},"content":{"rendered":"","protected":false},"excerpt":{"rendered":"<p style=\"text-align: left;\">Raspberry-flavoured teddy bear and chocolate figure made of white cocoa (&#8220;vegan white chocolate&#8221;) in bags of 6.<\/p>\n<p>Ingredients: sugar, cocoa butter, rice powder (rice sugar, rice starch, rice flour), flavoring (raspberry), vegetable colors (sweet potato, radish, apple, cherry)<\/p>\n<p>Cocoa content 39%<\/p>\n<p>Nut-free, gluten-free, egg-free, dairy-free, vegan, soy-free, vanilla-free.<\/p>\n<p>Manufacturer: Dammenberg, Lemp\u00e4\u00e4l\u00e4<\/p>\n","protected":false},"featured_media":11582,"comment_status":"open","ping_status":"closed","template":"","meta":{"kt_blocks_editor_width":"","advanced_seo_description":"","jetpack_seo_html_title":"","jetpack_seo_noindex":false},"product_brand":[],"product_cat":[357,361,358,362],"product_tag":[],"class_list":{"0":"post-12190","1":"product","2":"type-product","3":"status-publish","4":"has-post-thumbnail","6":"product_cat-chocolate","7":"product_cat-chocolate-boxes-and-assortments","8":"product_cat-gluten-free-chocolate","9":"product_cat-vegan-chocolate","11":"first","12":"instock","13":"taxable","14":"shipping-taxable","15":"purchasable","16":"product-type-simple"},"jetpack_sharing_enabled":true,"jetpack_likes_enabled":true,"_links":{"self":[{"href":"https:\/\/mokkamaa.fi\/en\/wp-json\/wp\/v2\/product\/12190","targetHints":{"allow":["GET"]}}],"collection":[{"href":"https:\/\/mokkamaa.fi\/en\/wp-json\/wp\/v2\/product"}],"about":[{"href":"https:\/\/mokkamaa.fi\/en\/wp-json\/wp\/v2\/types\/product"}],"replies":[{"embeddable":true,"href":"https:\/\/mokkamaa.fi\/en\/wp-json\/wp\/v2\/comments?post=12190"}],"wp:featuredmedia":[{"embeddable":true,"href":"https:\/\/mokkamaa.fi\/en\/wp-json\/wp\/v2\/media\/11582"}],"wp:attachment":[{"href":"https:\/\/mokkamaa.fi\/en\/wp-json\/wp\/v2\/media?parent=12190"}],"wp:term":[{"taxonomy":"product_brand","embeddable":true,"href":"https:\/\/mokkamaa.fi\/en\/wp-json\/wp\/v2\/product_brand?post=12190"},{"taxonomy":"product_cat","embeddable":true,"href":"https:\/\/mokkamaa.fi\/en\/wp-json\/wp\/v2\/product_cat?post=12190"},{"taxonomy":"product_tag","embeddable":true,"href":"https:\/\/mokkamaa.fi\/en\/wp-json\/wp\/v2\/product_tag?post=12190"}],"curies":[{"name":"wp","href":"https:\/\/api.w.org\/{rel}","templated":true}]}}