{"id":12180,"date":"2022-03-23T12:41:51","date_gmt":"2022-03-23T12:41:51","guid":{"rendered":"https:\/\/mokkamaa.fi\/tuote\/jaffa-bunny-96g-6pcs\/"},"modified":"2022-03-23T12:41:51","modified_gmt":"2022-03-23T12:41:51","slug":"jaffa-bunny-96g-6pcs","status":"publish","type":"product","link":"https:\/\/mokkamaa.fi\/en\/tuote\/jaffa-bunny-96g-6pcs\/","title":{"rendered":"Jaffa bunny 96g 6pcs"},"content":{"rendered":"","protected":false},"excerpt":{"rendered":"<p>Yellowish white cocoa (milk-free white chocolate) bunny figures packed in a transparent bag with 6pcs Jaffa aroma.<\/p>\n<p>Ingredients: sugar, cocoa butter, rice powder (rice sugar, rice starch, rice flour), flavoring (jaffa), vegetable dyes (safflower, lemon).<\/p>\n<p>Cocoa content 39%<\/p>\n<p>Dairy-free, gluten-free, nut-free, vegan, soy-free.<\/p>\n<p>Manufacturer: Dammenberg, Lemp\u00e4\u00e4l\u00e4<\/p>\n","protected":false},"featured_media":11590,"comment_status":"open","ping_status":"closed","template":"","meta":{"kt_blocks_editor_width":"","advanced_seo_description":"","jetpack_seo_html_title":"","jetpack_seo_noindex":false},"product_brand":[],"product_cat":[357,361,358,348,362],"product_tag":[],"class_list":{"0":"post-12180","1":"product","2":"type-product","3":"status-publish","4":"has-post-thumbnail","6":"product_cat-chocolate","7":"product_cat-chocolate-boxes-and-assortments","8":"product_cat-gluten-free-chocolate","9":"product_cat-season","10":"product_cat-vegan-chocolate","12":"first","13":"outofstock","14":"taxable","15":"shipping-taxable","16":"purchasable","17":"product-type-simple"},"jetpack_sharing_enabled":true,"jetpack_likes_enabled":true,"_links":{"self":[{"href":"https:\/\/mokkamaa.fi\/en\/wp-json\/wp\/v2\/product\/12180","targetHints":{"allow":["GET"]}}],"collection":[{"href":"https:\/\/mokkamaa.fi\/en\/wp-json\/wp\/v2\/product"}],"about":[{"href":"https:\/\/mokkamaa.fi\/en\/wp-json\/wp\/v2\/types\/product"}],"replies":[{"embeddable":true,"href":"https:\/\/mokkamaa.fi\/en\/wp-json\/wp\/v2\/comments?post=12180"}],"wp:featuredmedia":[{"embeddable":true,"href":"https:\/\/mokkamaa.fi\/en\/wp-json\/wp\/v2\/media\/11590"}],"wp:attachment":[{"href":"https:\/\/mokkamaa.fi\/en\/wp-json\/wp\/v2\/media?parent=12180"}],"wp:term":[{"taxonomy":"product_brand","embeddable":true,"href":"https:\/\/mokkamaa.fi\/en\/wp-json\/wp\/v2\/product_brand?post=12180"},{"taxonomy":"product_cat","embeddable":true,"href":"https:\/\/mokkamaa.fi\/en\/wp-json\/wp\/v2\/product_cat?post=12180"},{"taxonomy":"product_tag","embeddable":true,"href":"https:\/\/mokkamaa.fi\/en\/wp-json\/wp\/v2\/product_tag?post=12180"}],"curies":[{"name":"wp","href":"https:\/\/api.w.org\/{rel}","templated":true}]}}