{"id":12000,"date":"2023-10-12T10:21:52","date_gmt":"2023-10-12T10:21:52","guid":{"rendered":"https:\/\/mokkamaa.fi\/tuote\/winter-confectionary-assortment-8pcs\/"},"modified":"2023-10-12T10:21:52","modified_gmt":"2023-10-12T10:21:52","slug":"winter-confectionary-assortment-8pcs","status":"publish","type":"product","link":"https:\/\/mokkamaa.fi\/en\/tuote\/winter-confectionary-assortment-8pcs\/","title":{"rendered":"Winter Confectionary Assortment 8pcs"},"content":{"rendered":"<p>Ingredients: sugar, cocoa butter, rice powder (rice sugar, rice starch, rice flour), cocoa mass, vegetable fat (shea oil), gluten-free oats, cocoa powder raspberry, cranberry, salt, corn, flavoring (toffee), vegetable colors (spirulina, safflower, apple, lemon, radish, black currant).<\/p>\n<p>Nut-free, gluten-free, egg-free, dairy-free, soy-free, vegan, valnil-free, alcohol-free, GMO-free.<\/p>\n","protected":false},"excerpt":{"rendered":"<p>Milk-free assortment of chocolates: raspberry, toffee, salted corn, cranberry.<\/p>\n<p>Nut-free, dairy-free, gluten-free, vegan.<\/p>\n<p>Manufacturer: Dammenberg, Lemp\u00e4\u00e4l\u00e4<\/p>\n","protected":false},"featured_media":11791,"comment_status":"open","ping_status":"closed","template":"","meta":{"kt_blocks_editor_width":"","advanced_seo_description":"","jetpack_seo_html_title":"","jetpack_seo_noindex":false},"product_brand":[],"product_cat":[357,361,363,358,362],"product_tag":[],"class_list":{"0":"post-12000","1":"product","2":"type-product","3":"status-publish","4":"has-post-thumbnail","6":"product_cat-chocolate","7":"product_cat-chocolate-boxes-and-assortments","8":"product_cat-discount-products","9":"product_cat-gluten-free-chocolate","10":"product_cat-vegan-chocolate","12":"first","13":"instock","14":"sale","15":"taxable","16":"shipping-taxable","17":"purchasable","18":"product-type-simple"},"jetpack_sharing_enabled":true,"jetpack_likes_enabled":true,"_links":{"self":[{"href":"https:\/\/mokkamaa.fi\/en\/wp-json\/wp\/v2\/product\/12000","targetHints":{"allow":["GET"]}}],"collection":[{"href":"https:\/\/mokkamaa.fi\/en\/wp-json\/wp\/v2\/product"}],"about":[{"href":"https:\/\/mokkamaa.fi\/en\/wp-json\/wp\/v2\/types\/product"}],"replies":[{"embeddable":true,"href":"https:\/\/mokkamaa.fi\/en\/wp-json\/wp\/v2\/comments?post=12000"}],"wp:featuredmedia":[{"embeddable":true,"href":"https:\/\/mokkamaa.fi\/en\/wp-json\/wp\/v2\/media\/11791"}],"wp:attachment":[{"href":"https:\/\/mokkamaa.fi\/en\/wp-json\/wp\/v2\/media?parent=12000"}],"wp:term":[{"taxonomy":"product_brand","embeddable":true,"href":"https:\/\/mokkamaa.fi\/en\/wp-json\/wp\/v2\/product_brand?post=12000"},{"taxonomy":"product_cat","embeddable":true,"href":"https:\/\/mokkamaa.fi\/en\/wp-json\/wp\/v2\/product_cat?post=12000"},{"taxonomy":"product_tag","embeddable":true,"href":"https:\/\/mokkamaa.fi\/en\/wp-json\/wp\/v2\/product_tag?post=12000"}],"curies":[{"name":"wp","href":"https:\/\/api.w.org\/{rel}","templated":true}]}}