{"id":11897,"date":"2016-05-30T10:59:03","date_gmt":"2016-05-30T10:59:03","guid":{"rendered":"https:\/\/mokkamaa.fi\/for-businesses\/"},"modified":"2026-02-25T14:35:30","modified_gmt":"2026-02-25T14:35:30","slug":"for-businesses","status":"publish","type":"page","link":"https:\/\/mokkamaa.fi\/en\/for-businesses\/","title":{"rendered":"For businesses"},"content":{"rendered":"\n\n\t<h4>Yrityksille<\/h4>\n<p>&nbsp;<\/p>\n<h5>Oletteko etsim\u00e4ss\u00e4 lahjoja henkil\u00f6st\u00f6n tai asiakkaiden palkitsemiseen? Kaipaatteko ty\u00f6paikan kahvihuoneeseen kunnon kahvia taukoja pirist\u00e4m\u00e4\u00e4n ja ty\u00f6tehoa parantamaan? Tai etsittek\u00f6 joukosta erottuvaa tarjoiltavaa kahvilaan, messuille tai vaikka odotustilaan?<\/h5>\n<p>Jos vastaus yhteenk\u00e4\u00e4n n\u00e4ist\u00e4 on kyll\u00e4, tai haette pient\u00e4 viihtyis\u00e4\u00e4 tilaa esimerkiksi kokoukseen tai asiakastapaamiseen, meilt\u00e4 saatte ratkaisut. Liikkeess\u00e4 voi maksaa kaikilla yleisimmill\u00e4 maksukorteilla, mukaanlukien Diners Club ja American Express, ja laskuttaminen onnistuu tietysti my\u00f6s.<\/p>\n<p>Suklaa-, kahvi ja teevalikoimistamme l\u00f6ytyy lahjat niin pienemp\u00e4\u00e4n kuin isompaankin tarpeeseen, oli budjetti ykstt\u00e4iselle lahjalle sitten muutaman euron tai useamman kymmenen luokkaa. Koska meill\u00e4 on my\u00f6s paljon irtotavaraa, pystymme tarvittaessa tekem\u00e4\u00e4n my\u00f6s hyvin r\u00e4\u00e4t\u00e4l\u00f6ityj\u00e4 paketteja mm. pakkausten v\u00e4rin ja koon suhteen. Ty\u00f6paikka- tai muihin kahvituksiin voimme sopia vaikka s\u00e4\u00e4nn\u00f6llisist\u00e4 toimituksista tai esimerkiksi kuukausittaisesta tai eurom\u00e4\u00e4r\u00e4isest\u00e4 laskutuksesta. Yksitt\u00e4isiin tai toistuviin tarjoiluihin voimme my\u00f6s laskea tarvittavat m\u00e4\u00e4r\u00e4t.<\/p>\n<p>Noin 10 hengen kahvikabinettimme on my\u00f6s normaaliaukioloaikojen ulkopuolella varattavissa yksityistilaisuuksiin, kuten kokouksiin, asiakastapaamisiin tai vapaamuotoisempaan virkist\u00e4ytymiseen. Kahvit tai teet koko porukalle tarjoiluineen sis\u00e4lt\u00e4v\u00e4 paketti kustantaa 50\u20ac\/1,5h. Halutessanne r\u00e4\u00e4t\u00e4l\u00f6imme sopivankokoisia suklaan-, kahvin-, ja\/tai teenmaistajaispaketteja ja tietysti kerromme tuotteidemme ihmeellisest\u00e4 maailmasta!<\/p>\n<p>Tervetuloa keskustelemaan lis\u00e4\u00e4 tai ota yhteytt\u00e4!<\/p>\n<p>&nbsp;<\/p>\n<a href=\"http:\/\/mokkamaa.fi\/yhteystiedot\/\" class=\"btn button btn-shortcode kad-btn kad-btn-primary\" id=\"kadbtn971\" target=\"_self\" style=\"color:#FFF;\">Yhteydenottopyynt\u00f6<\/a>\n<p>&nbsp;<\/p>\n\n","protected":false},"excerpt":{"rendered":"<p>Yrityksille &nbsp; Oletteko etsim\u00e4ss\u00e4 lahjoja henkil\u00f6st\u00f6n tai asiakkaiden palkitsemiseen? Kaipaatteko ty\u00f6paikan kahvihuoneeseen kunnon kahvia taukoja pirist\u00e4m\u00e4\u00e4n ja ty\u00f6tehoa parantamaan? Tai etsittek\u00f6 joukosta erottuvaa tarjoiltavaa kahvilaan, messuille tai vaikka odotustilaan? Jos vastaus yhteenk\u00e4\u00e4n n\u00e4ist\u00e4 on kyll\u00e4, tai haette pient\u00e4 viihtyis\u00e4\u00e4 tilaa &hellip; <a href=\"https:\/\/mokkamaa.fi\/en\/for-businesses\/\">Continued<\/a><\/p>\n","protected":false},"author":1,"featured_media":0,"parent":0,"menu_order":0,"comment_status":"closed","ping_status":"closed","template":"page-fullwidth.php","meta":{"kt_blocks_editor_width":"","advanced_seo_description":"","jetpack_seo_html_title":"","jetpack_seo_noindex":false,"footnotes":""},"class_list":["post-11897","page","type-page","status-publish","hentry"],"jetpack_sharing_enabled":true,"jetpack_likes_enabled":true,"_links":{"self":[{"href":"https:\/\/mokkamaa.fi\/en\/wp-json\/wp\/v2\/pages\/11897","targetHints":{"allow":["GET"]}}],"collection":[{"href":"https:\/\/mokkamaa.fi\/en\/wp-json\/wp\/v2\/pages"}],"about":[{"href":"https:\/\/mokkamaa.fi\/en\/wp-json\/wp\/v2\/types\/page"}],"author":[{"embeddable":true,"href":"https:\/\/mokkamaa.fi\/en\/wp-json\/wp\/v2\/users\/1"}],"replies":[{"embeddable":true,"href":"https:\/\/mokkamaa.fi\/en\/wp-json\/wp\/v2\/comments?post=11897"}],"version-history":[{"count":2,"href":"https:\/\/mokkamaa.fi\/en\/wp-json\/wp\/v2\/pages\/11897\/revisions"}],"predecessor-version":[{"id":16520,"href":"https:\/\/mokkamaa.fi\/en\/wp-json\/wp\/v2\/pages\/11897\/revisions\/16520"}],"wp:attachment":[{"href":"https:\/\/mokkamaa.fi\/en\/wp-json\/wp\/v2\/media?parent=11897"}],"curies":[{"name":"wp","href":"https:\/\/api.w.org\/{rel}","templated":true}]}}