{"id":11889,"date":"2016-05-30T11:02:37","date_gmt":"2016-05-30T11:02:37","guid":{"rendered":"https:\/\/mokkamaa.fi\/shop-and-cabinet\/"},"modified":"2026-04-13T09:58:50","modified_gmt":"2026-04-13T09:58:50","slug":"shop-and-cabinet","status":"publish","type":"page","link":"https:\/\/mokkamaa.fi\/en\/shop-and-cabinet\/","title":{"rendered":"Shop and Cabinet"},"content":{"rendered":"\n\n\t<h4>Myym\u00e4l\u00e4<\/h4>\n<p>&nbsp;<\/p>\n<p><img data-recalc-dims=\"1\" loading=\"lazy\" decoding=\"async\" src=\"https:\/\/i0.wp.com\/mokkamaa.fi\/wp-content\/uploads\/2016\/10\/pekkajamari2_1.jpg?resize=1357%2C904\" alt=\"pekkajamari2_1\" width=\"1357\" height=\"904\" \/><\/p>\n<h5>\u00a0Kun k\u00e4velykadun vilin\u00e4st\u00e4 astuu Mokkamaahan sis\u00e4lle, ensimm\u00e4isen\u00e4 vastaan tulee l\u00e4mmin, ihastuttava ja suorastaan huumaava tuoksu, joka vie v\u00e4litt\u00f6m\u00e4sti kuin toiseen maailmaan.<\/h5>\n<p>Tuoksu kuulemma kantaa\u00a0sopivalla tuulella joskus korttelin kulmalle asti. Tuoksu syntyy yhdess\u00e4 kaikista liikkeess\u00e4 tuoreena jauhettavista irtokahveista, suklaista ja jonkin verran my\u00f6s teest\u00e4 &#8211; varsinkin teenpakkausp\u00e4ivin\u00e4.<\/p>\n<p>Hieman mielihaluista riippuen huomio kiinnittyy ensimm\u00e4isen\u00e4 todenn\u00e4k\u00f6isesti joko etuoikealla irtokonvehtihyllyyn tai suoraan edess\u00e4 n\u00e4kyv\u00e4\u00e4n irtokahvihyllyyn. Muut suklaat ymp\u00e4r\u00f6iv\u00e4t kulkijan liikkeen etuosassa, ja teeosaston l\u00f6yt\u00e4\u00e4 kulkemalla kahvihyllyn ohi peremm\u00e4lle tuoksujen maailmaan. Teeosaston j\u00e4lkeen parin portaan ja mutkan takana on Mokkamaan kahvikabinetti.<\/p>\n<p>Keskeisimpi\u00e4 arvoja meille ovat puhtaan monimuotoisen luonnon arvostus ja ihmisten v\u00e4linen globaali tasa-arvo. K\u00e4yt\u00e4nn\u00f6n toiminnassamme t\u00e4m\u00e4 n\u00e4kyy mm. siin\u00e4, ett\u00e4 myymme ja k\u00e4yt\u00e4mme paljon luomutuotteita ja vegaanisia vaihtoehtoja on paljon. Meille saa kaikki kiinnostuneet tulla, ja kohtaamme ihmiset tasavertaisesti ihmisin\u00e4 ik\u00e4\u00e4n, sukupuoleen, etniseen taustaan ynn\u00e4 muihin ulkokohtaisiin seikkoihin katsomatta. L\u00e4mpim\u00e4sti tervetuloa!<\/p>\n<p>&nbsp;<\/p>\n<p>&nbsp;<\/p>\n<h4>Kahvikabinetti<\/h4>\n<h5>\u00a0<img data-recalc-dims=\"1\" loading=\"lazy\" decoding=\"async\" src=\"https:\/\/i0.wp.com\/mokkamaa.fi\/wp-content\/uploads\/2016\/10\/kabinetissa_1.jpg?resize=1357%2C905\" alt=\"kabinetti\" width=\"1357\" height=\"905\" \/><\/h5>\n<h5>\u00a0Kylill\u00e4 on alkanut kiert\u00e4\u00e4 sitke\u00e4 huhu Mokkamaan salakapakasta. Tottahan tuo tavallaan on, myym\u00e4l\u00e4n per\u00e4ll\u00e4 mutkan takana sijaitseva takahuone on myym\u00e4l\u00e4n aukioloaikoina tammi-lokakuussa (joulusesongin ulkopuolella) k\u00e4yt\u00f6ss\u00e4 pienen\u00e4 tunnelmallisena kahvikabinettina.<\/h5>\n<p>Nautiskella voi mit\u00e4 tahansa myym\u00e4l\u00e4n herkkuja. Kahvit ja teet valmistetaan tilauksesta, kaveriksi saa vaikkapa palan tai kaksi suklaata, ja lis\u00e4ksi kehit\u00e4mme ajoittain kauteen sopivia omia juomareseptej\u00e4. Alkoholijuomia meill\u00e4 ei kuitenkaan anniskella.<\/p>\n<p>Kabinetissamme viihtyv\u00e4t niin opiskelijat, kahvitaukoa t\u00f6ist\u00e4 pit\u00e4v\u00e4t, perjantai-iltap\u00e4iv\u00e4n seurueet kuin muutkin hyv\u00e4st\u00e4 kahvista ja teest\u00e4 nauttivat. Tila on taipunut mainiosti my\u00f6s pienimuotoiseksi akustishenkiseksi musiikkikeikkapaikaksi. Asiakaspaikkoja kahviok\u00e4yt\u00f6ss\u00e4 on sis\u00e4ll\u00e4 noin kymmenen, p\u00f6yti\u00e4 nelj\u00e4, ja tiivishenkist\u00e4 porukkaa on saatu mahtumaan istumapaikoille viisikintoista kerrallaan.<\/p>\n<p>Seinille sopii mukavasti taideteoksia, ja meill\u00e4 onkin eri taiteilijoiden ja seurojen n\u00e4yttelyit\u00e4 kuukausittain. Tilassa on siimaripustus &#8211; siimoja ja korkeuss\u00e4\u00e4dett\u00e4vi\u00e4 koukkuja on yhteens\u00e4 24kpl. Varaukset tehd\u00e4\u00e4n kalenterikuukaudeksi kerrallaan. N\u00e4yttelytilan vuokra on 30\u20ac\/kk. Ripustuksen voi tehd\u00e4 aikaisintaan kuukauden ensimm\u00e4isen\u00e4 aukiolop\u00e4iv\u00e4n\u00e4 kun avaamme liikkeen ja purun vastaavasti viimeisen\u00e4 p\u00e4iv\u00e4n\u00e4 ennen sulkemista, ellei toisin sovita.<\/p>\n<p>Vuokraamme kabinettia my\u00f6s iltak\u00e4ytt\u00e4jille hintaan 100 \u20ac \/ ensimm\u00e4inen kaksi tuntia, jonka j\u00e4lkeen 50\u20ac\/h. Hinta sis\u00e4lt\u00e4\u00e4 pienen kahvi- tai teekupillisen jokaiselle halukkaalle. Lis\u00e4ksi tietysti liikkeen normaalit palvelut on koko ajan k\u00e4yt\u00f6ss\u00e4. Olitte sitten herkunn\u00e4lk\u00e4inen kaveriporukka, kokousta tunnelmallisessa ymp\u00e4rist\u00f6ss\u00e4 suunnitteleva j\u00e4rjest\u00f6 tai pikkujouluja viett\u00e4v\u00e4 ty\u00f6porukka, ottakaa rohkeasti yhteytt\u00e4 niin sovitaan tarkemmin!<\/p>\n<p>&nbsp;<\/p>\n\n","protected":false},"excerpt":{"rendered":"<p>Myym\u00e4l\u00e4 &nbsp; \u00a0Kun k\u00e4velykadun vilin\u00e4st\u00e4 astuu Mokkamaahan sis\u00e4lle, ensimm\u00e4isen\u00e4 vastaan tulee l\u00e4mmin, ihastuttava ja suorastaan huumaava tuoksu, joka vie v\u00e4litt\u00f6m\u00e4sti kuin toiseen maailmaan. Tuoksu kuulemma kantaa\u00a0sopivalla tuulella joskus korttelin kulmalle asti. Tuoksu syntyy yhdess\u00e4 kaikista liikkeess\u00e4 tuoreena jauhettavista irtokahveista, suklaista &hellip; <a href=\"https:\/\/mokkamaa.fi\/en\/shop-and-cabinet\/\">Continued<\/a><\/p>\n","protected":false},"author":1,"featured_media":11035,"parent":0,"menu_order":0,"comment_status":"closed","ping_status":"closed","template":"page-fullwidth.php","meta":{"kt_blocks_editor_width":"","advanced_seo_description":"","jetpack_seo_html_title":"","jetpack_seo_noindex":false,"footnotes":""},"class_list":["post-11889","page","type-page","status-publish","has-post-thumbnail","hentry"],"jetpack_sharing_enabled":true,"jetpack_likes_enabled":true,"_links":{"self":[{"href":"https:\/\/mokkamaa.fi\/en\/wp-json\/wp\/v2\/pages\/11889","targetHints":{"allow":["GET"]}}],"collection":[{"href":"https:\/\/mokkamaa.fi\/en\/wp-json\/wp\/v2\/pages"}],"about":[{"href":"https:\/\/mokkamaa.fi\/en\/wp-json\/wp\/v2\/types\/page"}],"author":[{"embeddable":true,"href":"https:\/\/mokkamaa.fi\/en\/wp-json\/wp\/v2\/users\/1"}],"replies":[{"embeddable":true,"href":"https:\/\/mokkamaa.fi\/en\/wp-json\/wp\/v2\/comments?post=11889"}],"version-history":[{"count":3,"href":"https:\/\/mokkamaa.fi\/en\/wp-json\/wp\/v2\/pages\/11889\/revisions"}],"predecessor-version":[{"id":16743,"href":"https:\/\/mokkamaa.fi\/en\/wp-json\/wp\/v2\/pages\/11889\/revisions\/16743"}],"wp:featuredmedia":[{"embeddable":true,"href":"https:\/\/mokkamaa.fi\/en\/wp-json\/wp\/v2\/media\/11035"}],"wp:attachment":[{"href":"https:\/\/mokkamaa.fi\/en\/wp-json\/wp\/v2\/media?parent=11889"}],"curies":[{"name":"wp","href":"https:\/\/api.w.org\/{rel}","templated":true}]}}