{"id":11881,"date":"2016-05-30T12:10:10","date_gmt":"2016-05-30T12:10:10","guid":{"rendered":"https:\/\/mokkamaa.fi\/home-page\/"},"modified":"2026-04-20T14:09:12","modified_gmt":"2026-04-20T14:09:12","slug":"home-page","status":"publish","type":"page","link":"https:\/\/mokkamaa.fi\/en\/","title":{"rendered":"Home page"},"content":{"rendered":"\n\n\t<h6>Kauppakatu 25, 80100 Joensuu<\/h6>\n<h6>Palvelemme:<br \/>\n<strong>ma &#8211; pe 11 &#8211; 18<\/strong><br \/>\n<strong>la 11 &#8211; 17<\/strong><\/h6>\n<h6>Poikkeusaukiolot kev\u00e4t 2026:<\/h6>\n<h6><strong>la 14.2. (yst\u00e4v\u00e4np\u00e4iv\u00e4) klo 11 &#8211; 20<\/strong><br \/>\n<strong>ke 25.3. (HerkkuAppro) klo 11 &#8211; 20<\/strong><br \/>\npe 3.4. ja ma 6.4. (pitk\u00e4perjantai ja 2. p\u00e4\u00e4si\u00e4isp\u00e4iv\u00e4) suljettu<br \/>\nPe 1.5. (vappu) suljettu<br \/>\nTo 14.5. (helatorstai) suljettu<\/h6>\n<h6>puh, 0505624132 (aukioloaikoina)<\/h6>\n<h6>mokkamaa@mokkamaa.fi<\/h6>\n<p>&nbsp;<\/p>\n<h5>Olemme Joensuun ydinkeskustassa toimiva herkkupuoti ja verkkokauppa.<br \/>\nErikoisuuksiamme ovat mm. itse valmistamamme makukahvit,<br \/>\nk\u00e4sintehdyt belgialaiset irtokonvehdit ja kattava valikoima irtoteet\u00e4.<br \/>\nTervetuloa tutustumaan meihin ja tarjontaamme!<\/h5>\n<div class=\"row\"> <div class=\"col-md-4\">\n<p><img data-recalc-dims=\"1\" loading=\"lazy\" decoding=\"async\" src=\"https:\/\/i0.wp.com\/mokkamaa.fi\/wp-content\/uploads\/2016\/05\/kahvi2-300x200.jpg?resize=300%2C200\" alt=\"kahvi2\" width=\"300\" height=\"200\" \/><\/p>\n<h4>Kahvi<\/h4>\n<h5>Suomen laajin valikoima maustettuja kahveja sek\u00e4 monipuolisesti maustamattomia. Pakkauskoot alkaen 100g!<\/h5>\nValikoimassamme on vaaleampia, tummempia ja \u00e4\u00e4rimm\u00e4isen tummia kahveja, maustettuja kahveja, sek\u00e4 jokseenkin kaikenlaista kuviteltavissa olevaa kahvia.<br \/>\nV\u00e4h\u00e4n sellaisiakin, joista ei osaisi edes uneksia.\n<a href=\"https:\/\/mokkamaa.fi\/tuote-osasto\/kahvi\/\" class=\"btn button btn-shortcode kad-btn kad-btn-primary\" id=\"kadbtn452\" target=\"_self\" style=\"color:#FFF;\">Kahvit<\/a>\n<\/div><div class=\"col-md-4\">\n<p><img data-recalc-dims=\"1\" loading=\"lazy\" decoding=\"async\" src=\"https:\/\/i0.wp.com\/mokkamaa.fi\/wp-content\/uploads\/2016\/05\/tee3-300x200.jpg?resize=300%2C200\" alt=\"tee3\" width=\"300\" height=\"200\" \/><\/p>\n<h4>Tee<\/h4>\n<h5>Nimest\u00e4mme huolimatta tee on lukum\u00e4\u00e4r\u00e4llisesti laajin tuoteryhm\u00e4mme.<\/h5>\n<p>Kattavaan valikoimaan kuuluu mustat, vihre\u00e4t, valkoiset ja oolong-teet sek\u00e4 harvinaisempia Pu Erh- ja keltaista teet\u00e4. Lis\u00e4ksi tietysti erilaiset haudukkeet, kuten mate ja rooibos muodostavat osan vakituista valikoimaamme.<\/p>\n<a href=\"https:\/\/mokkamaa.fi\/tuote-osasto\/tee\/\" class=\"btn button btn-shortcode kad-btn kad-btn-primary\" id=\"kadbtn663\" target=\"_self\" style=\"color:#FFF;\">Teet<\/a>\n<\/div><div class=\"col-md-4\">\n<p><img data-recalc-dims=\"1\" loading=\"lazy\" decoding=\"async\" src=\"https:\/\/i0.wp.com\/mokkamaa.fi\/wp-content\/uploads\/2016\/05\/suklaa1-300x200.jpg?resize=300%2C200\" alt=\"suklaa1\" width=\"300\" height=\"200\" \/><\/p>\n<h4>Suklaa<\/h4>\n<h5>Mokkamaa on suklaanyst\u00e4v\u00e4n paratiisi!<\/h5>\n<p>Keskeisen osan suklaavalikoimaa muodostavat toinen toistaan ihastuttavammat belgialaiset konvehdit ja lukuisat muut konvehtirasiat suomalaisilta valmistajilta. Tarjolla on my\u00f6s eri makuisia levysuklaita sek\u00e4 erityisruokavaliosuklaita, vegaanisuklaita sek\u00e4 luomu- ja reilu kaupan suklaita.<\/p>\n<a href=\"https:\/\/mokkamaa.fi\/tuote-osasto\/suklaa\/\" class=\"btn button btn-shortcode kad-btn kad-btn-primary\" id=\"kadbtn624\" target=\"_self\" style=\"color:#FFF;\">Suklaat<\/a>\n<\/div><\/div>\n\n\n\n\n<h4>Tuoksuvaa\u00a0arjen onnea<\/h4>\n<h3>It\u00e4-Suomen suurin tuoreen erikoiskahvin, korkealuokkaisen lehtiteen<br \/>\nja k\u00e4sintehdyn suklaan tarjonta<\/h3>\n\n<div class=\"row\"> <div class=\"col-md-4\">\n<p><img data-recalc-dims=\"1\" loading=\"lazy\" decoding=\"async\" src=\"https:\/\/i0.wp.com\/mokkamaa.fi\/wp-content\/uploads\/2016\/05\/tarina-300x199.jpg?resize=300%2C199\" width=\"300\" height=\"199\" \/><\/p>\n<h5>Mokkamaa alkoi ajatuksesta antaa ihmisille parempaa arkea.<\/h5>\n<p>Vaikka paljon onkin muuttunut, perusajatus arjen pienist\u00e4 suurista nautinnoista p\u00e4tee yh\u00e4. Pienen filosofin teeharrastuksesta on kasvanut t\u00e4ss\u00e4 ajassa olennainen osa Joensuun katukuvaa ja monen ihmisen mielenmaisemaa.<\/p>\n<a href=\"https:\/\/mokkamaa.fi\/tarina\" class=\"btn button btn-shortcode kad-btn kad-btn-primary\" id=\"kadbtn319\" target=\"_self\" style=\"color:#FFF;\">Tarina<\/a>\n<\/div><div class=\"col-md-4\">\n<p><img data-recalc-dims=\"1\" loading=\"lazy\" decoding=\"async\" src=\"https:\/\/i0.wp.com\/mokkamaa.fi\/wp-content\/uploads\/2016\/05\/myymala1-300x201.jpg?resize=300%2C201\" width=\"300\" height=\"201\" \/><\/p>\n<h5>Tuoksuvasta ja l\u00e4mmintunnelmaisesta myym\u00e4l\u00e4st\u00e4mme l\u00f6yd\u00e4t satojen tuotteiden valikoiman kahvia, suklaata ja teet\u00e4.<\/h5>\n<p>Kahvit jauhetaan aina vasta ostohetkell\u00e4, paitsi jos otat pavut mieluummin kokonaisina mukaan. Tuoreus, laatu, monipuolisuus ja tunnelmallisuus &#8211; niist\u00e4 on Mokkamaa tehty!<\/p>\n<a href=\"https:\/\/mokkamaa.fi\/kabinetti\" class=\"btn button btn-shortcode kad-btn kad-btn-primary\" id=\"kadbtn717\" target=\"_self\" style=\"color:#FFF;\">Myym\u00e4l\u00e4<\/a>\n<\/div><div class=\"col-md-4\">\n<p><img data-recalc-dims=\"1\" loading=\"lazy\" decoding=\"async\" src=\"https:\/\/i0.wp.com\/mokkamaa.fi\/wp-content\/uploads\/2016\/05\/kabinetti1-1-300x200.jpg?resize=300%2C200\" width=\"300\" height=\"200\" \/><\/p>\n<h5>Myym\u00e4l\u00e4n takaosassa sijaitsee pieni ja tunnelmallinen kabinetti, jossa voit nauttia liikkeen antimista paikan p\u00e4\u00e4ll\u00e4.<\/h5>\n<p>Kahvit ja teet valmistamme aina tilauksesta valitsemastasi laadusta. Hinta-laatu-suhteen voisi perustellusti v\u00e4itt\u00e4\u00e4 olevan jopa maailman paras &#8211; ellei koko universumin!<\/p>\n<a href=\"https:\/\/mokkamaa.fi\/kabinetti\" class=\"btn button btn-shortcode kad-btn kad-btn-primary\" id=\"kadbtn164\" target=\"_self\" style=\"color:#FFF;\">Kabinetti<\/a><\/div><\/div>\n\n<h3>Kauppakatu 25, 80100 Joensuu<\/h3>\n<h3>Palvelemme:<\/h3>\n<h3>ma &#8211; to 11 &#8211; 18, la 11 &#8211; 17<\/h3>\n<h3>Puh. 050 562 4132 (aukioloaikoina)<br \/>\ns\u00e4hk\u00f6posti: mokkamaa@mokkamaa.fi<\/h3>\n<p><img data-recalc-dims=\"1\" loading=\"lazy\" decoding=\"async\" src=\"https:\/\/i0.wp.com\/mokkamaa.fi\/wp-content\/uploads\/2024\/08\/ekoenergy_logo_English-300x105-1.png?resize=224%2C79&#038;ssl=1\" alt=\"\" width=\"224\" height=\"79\" \/>\u00a0 \u00a0 \u00a0<img data-recalc-dims=\"1\" loading=\"lazy\" decoding=\"async\" src=\"https:\/\/i0.wp.com\/mokkamaa.fi\/wp-content\/uploads\/2024\/09\/Wolt-app-icon-2019.png?resize=77%2C77&#038;ssl=1\" alt=\"\" width=\"77\" height=\"77\" \/><\/p>\n<div class=\"hrule clearfix\"><\/div>\n<div class=\"row\">\n<div class=\"col-md-4\">\n<div class=\"col-md-4\"><\/div>\n<\/div><\/div>\n\n\n","protected":false},"excerpt":{"rendered":"<p>Kauppakatu 25, 80100 Joensuu Palvelemme: ma &#8211; pe 11 &#8211; 18 la 11 &#8211; 17 Poikkeusaukiolot kev\u00e4t 2026: la 14.2. (yst\u00e4v\u00e4np\u00e4iv\u00e4) klo 11 &#8211; 20 ke 25.3. (HerkkuAppro) klo 11 &#8211; 20 pe 3.4. ja ma 6.4. (pitk\u00e4perjantai ja 2. &hellip; <a href=\"https:\/\/mokkamaa.fi\/en\/\">Continued<\/a><\/p>\n","protected":false},"author":1,"featured_media":0,"parent":0,"menu_order":0,"comment_status":"closed","ping_status":"closed","template":"","meta":{"kt_blocks_editor_width":"","advanced_seo_description":"","jetpack_seo_html_title":"","jetpack_seo_noindex":false,"footnotes":""},"class_list":["post-11881","page","type-page","status-publish","hentry"],"jetpack_sharing_enabled":true,"jetpack_likes_enabled":true,"_links":{"self":[{"href":"https:\/\/mokkamaa.fi\/en\/wp-json\/wp\/v2\/pages\/11881","targetHints":{"allow":["GET"]}}],"collection":[{"href":"https:\/\/mokkamaa.fi\/en\/wp-json\/wp\/v2\/pages"}],"about":[{"href":"https:\/\/mokkamaa.fi\/en\/wp-json\/wp\/v2\/types\/page"}],"author":[{"embeddable":true,"href":"https:\/\/mokkamaa.fi\/en\/wp-json\/wp\/v2\/users\/1"}],"replies":[{"embeddable":true,"href":"https:\/\/mokkamaa.fi\/en\/wp-json\/wp\/v2\/comments?post=11881"}],"version-history":[{"count":7,"href":"https:\/\/mokkamaa.fi\/en\/wp-json\/wp\/v2\/pages\/11881\/revisions"}],"predecessor-version":[{"id":16569,"href":"https:\/\/mokkamaa.fi\/en\/wp-json\/wp\/v2\/pages\/11881\/revisions\/16569"}],"wp:attachment":[{"href":"https:\/\/mokkamaa.fi\/en\/wp-json\/wp\/v2\/media?parent=11881"}],"curies":[{"name":"wp","href":"https:\/\/api.w.org\/{rel}","templated":true}]}}