{"id":11865,"date":"2016-07-12T09:33:46","date_gmt":"2016-07-12T09:33:46","guid":{"rendered":"https:\/\/mokkamaa.fi\/contact\/"},"modified":"2026-04-10T06:27:57","modified_gmt":"2026-04-10T06:27:57","slug":"contact","status":"publish","type":"page","link":"https:\/\/mokkamaa.fi\/en\/contact\/","title":{"rendered":"About us"},"content":{"rendered":"\n\n\t<h4>Yhteydenotto<\/h4>\n<p>&nbsp;<\/p>\n<h3>Mokkamaa<br \/>\nK\u00e4yntiosoite:<br \/>\nKauppakatu 25, 80100 Joensuu<\/h3>\n<h3>Palvelemme normaalisti:<br \/>\nma &#8211; pe 11 &#8211; 18, la 11 &#8211; 17 (sunnuntait, arkipyh\u00e4t sek\u00e4 joulu- ja juhannusaatto suljettu)<\/h3>\n<h3>Palvelemme 1.11.-30.11.:<br \/>\nma &#8211; pe 10 &#8211; 18, la 10 &#8211; 17 (sunnuntait sek\u00e4 arkipyh\u00e4t suljettu)<\/h3>\n<h3>Palvelemme 1.12.-23.12.:<br \/>\nma-pe 10 &#8211; 19, la 10 &#8211; 17, su sek\u00e4 itsen\u00e4isyysp\u00e4iv\u00e4 12 &#8211; 16 (24.-26.12. suljettu)<\/h3>\n<h3>Puh. 050 562 4132 (aukioloaikoina)<br \/>\nmokkamaa@mokkamaa.fi<\/h3>\n<h3>Jos sinulla on kiireellist\u00e4 asiaa aukioloaikojen ulkopuolella (esim. tilauksen tekemiseen liittyen), ota yhteytt\u00e4 s\u00e4hk\u00f6postilla tai oheisella yhteydenottolomakkeella!<\/h3>\n\n<div class=\"wpcf7 no-js\" id=\"wpcf7-f11873-o1\" lang=\"en-US\" dir=\"ltr\" data-wpcf7-id=\"11873\">\n<div class=\"screen-reader-response\"><p role=\"status\" aria-live=\"polite\" aria-atomic=\"true\"><\/p> <ul><\/ul><\/div>\n<form action=\"\/en\/wp-json\/wp\/v2\/pages\/11865#wpcf7-f11873-o1\" method=\"post\" class=\"wpcf7-form init\" aria-label=\"Contact form\" novalidate=\"novalidate\" data-status=\"init\">\n<fieldset class=\"hidden-fields-container\"><input type=\"hidden\" name=\"_wpcf7\" value=\"11873\" \/><input type=\"hidden\" name=\"_wpcf7_version\" value=\"6.1.5\" \/><input type=\"hidden\" name=\"_wpcf7_locale\" value=\"en_US\" \/><input type=\"hidden\" name=\"_wpcf7_unit_tag\" value=\"wpcf7-f11873-o1\" \/><input type=\"hidden\" name=\"_wpcf7_container_post\" value=\"0\" \/><input type=\"hidden\" name=\"_wpcf7_posted_data_hash\" value=\"\" \/>\n<\/fieldset>\n<p><label> Name (required)<br \/>\n<span class=\"wpcf7-form-control-wrap\" data-name=\"your-name\"><input size=\"40\" maxlength=\"400\" class=\"wpcf7-form-control wpcf7-text wpcf7-validates-as-required\" aria-required=\"true\" aria-invalid=\"false\" value=\"\" type=\"text\" name=\"your-name\" \/><\/span> <\/label>\n<\/p>\n<p><label> Email (required)<br \/>\n<span class=\"wpcf7-form-control-wrap\" data-name=\"your-email\"><input size=\"40\" maxlength=\"400\" class=\"wpcf7-form-control wpcf7-email wpcf7-validates-as-required wpcf7-text wpcf7-validates-as-email\" aria-required=\"true\" aria-invalid=\"false\" value=\"\" type=\"email\" name=\"your-email\" \/><\/span> <\/label>\n<\/p>\n<p><label> Subject<br \/>\n<span class=\"wpcf7-form-control-wrap\" data-name=\"your-subject\"><input size=\"40\" maxlength=\"400\" class=\"wpcf7-form-control wpcf7-text\" aria-invalid=\"false\" value=\"\" type=\"text\" name=\"your-subject\" \/><\/span> <\/label>\n<\/p>\n<p><label> Message to<br \/>\n<span class=\"wpcf7-form-control-wrap\" data-name=\"your-message\"><textarea cols=\"40\" rows=\"10\" maxlength=\"2000\" class=\"wpcf7-form-control wpcf7-textarea\" aria-invalid=\"false\" name=\"your-message\"><\/textarea><\/span> <\/label>\n<\/p>\n<p><input class=\"wpcf7-form-control wpcf7-submit has-spinner\" type=\"submit\" value=\"L\u00e4het\u00e4\" \/>\n<\/p><div class=\"wpcf7-response-output\" aria-hidden=\"true\"><\/div>\n<\/form>\n<\/div>\n\n\n","protected":false},"excerpt":{"rendered":"<p>Yhteydenotto &nbsp; Mokkamaa K\u00e4yntiosoite: Kauppakatu 25, 80100 Joensuu Palvelemme normaalisti: ma &#8211; pe 11 &#8211; 18, la 11 &#8211; 17 (sunnuntait, arkipyh\u00e4t sek\u00e4 joulu- ja juhannusaatto suljettu) Palvelemme 1.11.-30.11.: ma &#8211; pe 10 &#8211; 18, la 10 &#8211; 17 (sunnuntait &hellip; <a href=\"https:\/\/mokkamaa.fi\/en\/contact\/\">Continued<\/a><\/p>\n","protected":false},"author":1,"featured_media":0,"parent":0,"menu_order":0,"comment_status":"closed","ping_status":"closed","template":"page-fullwidth.php","meta":{"kt_blocks_editor_width":"","advanced_seo_description":"","jetpack_seo_html_title":"","jetpack_seo_noindex":false,"footnotes":""},"class_list":["post-11865","page","type-page","status-publish","hentry"],"jetpack_sharing_enabled":true,"jetpack_likes_enabled":true,"_links":{"self":[{"href":"https:\/\/mokkamaa.fi\/en\/wp-json\/wp\/v2\/pages\/11865","targetHints":{"allow":["GET"]}}],"collection":[{"href":"https:\/\/mokkamaa.fi\/en\/wp-json\/wp\/v2\/pages"}],"about":[{"href":"https:\/\/mokkamaa.fi\/en\/wp-json\/wp\/v2\/types\/page"}],"author":[{"embeddable":true,"href":"https:\/\/mokkamaa.fi\/en\/wp-json\/wp\/v2\/users\/1"}],"replies":[{"embeddable":true,"href":"https:\/\/mokkamaa.fi\/en\/wp-json\/wp\/v2\/comments?post=11865"}],"version-history":[{"count":3,"href":"https:\/\/mokkamaa.fi\/en\/wp-json\/wp\/v2\/pages\/11865\/revisions"}],"predecessor-version":[{"id":16365,"href":"https:\/\/mokkamaa.fi\/en\/wp-json\/wp\/v2\/pages\/11865\/revisions\/16365"}],"wp:attachment":[{"href":"https:\/\/mokkamaa.fi\/en\/wp-json\/wp\/v2\/media?parent=11865"}],"curies":[{"name":"wp","href":"https:\/\/api.w.org\/{rel}","templated":true}]}}